
{"id":470,"date":"2021-08-12T09:17:28","date_gmt":"2021-08-12T09:17:28","guid":{"rendered":"https:\/\/www.black-sheriff.eu\/zsd\/?post_type=product&#038;p=470"},"modified":"2021-12-07T13:37:21","modified_gmt":"2021-12-07T13:37:21","slug":"taktischer-guertel","status":"publish","type":"product","link":"https:\/\/www.black-sheriff.eu\/zsd\/produkt\/taktischer-guertel\/","title":{"rendered":"ZSD &#8211; Taktischer G\u00fcrtel"},"content":{"rendered":"<p>Der taktische ZSD G\u00fcrtel ist mit mehreren Ausr\u00fcstungsgegenst\u00e4nden, Selbstverteidigungs- und Hilfsmitteln ausgestattet. Die Einsatzmittel haben beispielsweise bei den <big>Verteidigungs-<\/big> und bei den <strong><big>Festsetzmitteln<\/big> <\/strong>eine Redundanz. Der taktische ZSD G\u00fcrtel verf\u00fcgt sowohl \u00fcber einen Teleskopschlagstock f\u00fcr k\u00fcrzere als auch \u00fcber eine Reizstoffpistole f\u00fcr mittlere Entfernungen. Ebenfalls sind Einweghandfesseln sowie stabile Stahlhandfesseln vorhanden. Diese <strong><big>Doppelausf\u00fchrung<\/big> <\/strong>bietet dem Tr\u00e4ger nicht nur eine <strong><big>zweckm\u00e4\u00dfige<\/big> <\/strong>Einsatzflexibilit\u00e4t, sondern auch die M\u00f6glichkeit, einer weiteren Sicherheitskraft Einsatzmittel zur Verf\u00fcgung zu stellen. So kann ein Zwei-Personen-Team eine hohe Effizienz und Professionalit\u00e4t durch die gemeinsame Nutzung des G\u00fcrtels erreichen. Das drahtspulengesicherte Multifunktionswerkzeug des G\u00fcrtels ist in vielen Alltagssituationen ein zweckm\u00e4\u00dfiger Begleiter, obgleich zum \u00d6ffnen der Einweghandfesseln oder f\u00fcr einfachere Reparaturarbeiten. Um in dunkler Umgebung ad\u00e4quate Beleuchtung sicherzustellen, kann die per USB aufladbare LED-Taschenlampe sowohl mit dem Magnet an metallene Oberfl\u00e4chen befestigt als auch an der Uniform in verschiedenen Winkeln angebracht werden. Sie verf\u00fcgt \u00fcber verschiedene Leucht- und Warnfunktionen. Trotz der optimalen Anordnung der Einsatzmittel, sowohl f\u00fcr Rechts- als auch f\u00fcr Linksh\u00e4nder, k\u00f6nnen aufgrund des <strong><big>modularen Molle-Systems<\/big><\/strong> die Ausr\u00fcstungsgegenst\u00e4nde bei Bedarf auch anders angebracht werden.<\/p>\n","protected":false},"excerpt":{"rendered":"<p>Der taktische ZSD G\u00fcrtel ist mit mehreren Ausr\u00fcstungsgegenst\u00e4nden, Selbstverteidigungs- und Hilfsmitteln ausgestattet. Die Einsatzmittel haben beispielsweise bei den Verteidigungs- und bei den Festsetzmitteln eine Redundanz. Der taktische ZSD G\u00fcrtel verf\u00fcgt sowohl \u00fcber einen Teleskopschlagstock f\u00fcr k\u00fcrzere als auch \u00fcber eine Reizstoffpistole f\u00fcr mittlere Entfernungen. Ebenfalls sind Einweghandfesseln sowie stabile Stahlhandfesseln vorhanden. Diese Doppelausf\u00fchrung bietet dem <a href=\"https:\/\/www.black-sheriff.eu\/zsd\/produkt\/taktischer-guertel\/\" class=\"more-link\">&#8230;<\/a><\/p>\n","protected":false},"featured_media":744,"comment_status":"open","ping_status":"closed","template":"","meta":{"inline_featured_image":false,"_monsterinsights_skip_tracking":false,"_monsterinsights_sitenote_active":false,"_monsterinsights_sitenote_note":"","_monsterinsights_sitenote_category":0},"product_cat":[15],"product_tag":[],"aioseo_notices":[],"_links":{"self":[{"href":"https:\/\/www.black-sheriff.eu\/zsd\/wp-json\/wp\/v2\/product\/470"}],"collection":[{"href":"https:\/\/www.black-sheriff.eu\/zsd\/wp-json\/wp\/v2\/product"}],"about":[{"href":"https:\/\/www.black-sheriff.eu\/zsd\/wp-json\/wp\/v2\/types\/product"}],"replies":[{"embeddable":true,"href":"https:\/\/www.black-sheriff.eu\/zsd\/wp-json\/wp\/v2\/comments?post=470"}],"wp:featuredmedia":[{"embeddable":true,"href":"https:\/\/www.black-sheriff.eu\/zsd\/wp-json\/wp\/v2\/media\/744"}],"wp:attachment":[{"href":"https:\/\/www.black-sheriff.eu\/zsd\/wp-json\/wp\/v2\/media?parent=470"}],"wp:term":[{"taxonomy":"product_cat","embeddable":true,"href":"https:\/\/www.black-sheriff.eu\/zsd\/wp-json\/wp\/v2\/product_cat?post=470"},{"taxonomy":"product_tag","embeddable":true,"href":"https:\/\/www.black-sheriff.eu\/zsd\/wp-json\/wp\/v2\/product_tag?post=470"}],"curies":[{"name":"wp","href":"https:\/\/api.w.org\/{rel}","templated":true}]}}