
{"id":469,"date":"2021-08-12T09:18:06","date_gmt":"2021-08-12T09:18:06","guid":{"rendered":"https:\/\/www.black-sheriff.eu\/zsd\/?post_type=product&#038;p=469"},"modified":"2021-11-30T14:08:05","modified_gmt":"2021-11-30T14:08:05","slug":"witterungsschutz_","status":"publish","type":"product","link":"https:\/\/www.black-sheriff.eu\/zsd\/produkt\/witterungsschutz_\/","title":{"rendered":"ZSD &#8211; Witterungsschutz"},"content":{"rendered":"<p>Bestehend aus einer K\u00e4lteschutzjacke, der dazugeh\u00f6renden Winterm\u00fctze und einem vielseitigen N\u00e4sseschutzponcho, bietet der Witterungsschutz den Sicherheitskr\u00e4ften die M\u00f6glichkeit, sich bei Temperaturen unter dem Nullpunkt vor dem Ausk\u00fchlen sowie bei Wetterereignissen wie\u00a0<strong><big>Starkregen<\/big>\u00a0<\/strong>oder\u00a0<strong><big>Schneefall<\/big>\u00a0<\/strong>zu sch\u00fctzen. Mit dieser Kombination aus K\u00e4lte- und N\u00e4sseschutz ist die Sicherheitskraft\u00a0<strong><big>sehr gut<\/big><\/strong>\u00a0gegen jegliche mitteleurop\u00e4isch \u00fcblichen Witterungsverh\u00e4ltnisse\u00a0<strong><big>gesch\u00fctzt<\/big>\u00a0<\/strong>und somit im Au\u00dfendienst durchgehend einsatzbereit.<\/p>\n","protected":false},"excerpt":{"rendered":"<p>Bestehend aus einer K\u00e4lteschutzjacke, der dazugeh\u00f6renden Winterm\u00fctze und einem vielseitigen N\u00e4sseschutzponcho, bietet der Witterungsschutz den Sicherheitskr\u00e4ften die M\u00f6glichkeit, sich bei Temperaturen unter dem Nullpunkt vor dem Ausk\u00fchlen sowie bei Wetterereignissen wie\u00a0Starkregen\u00a0oder\u00a0Schneefall\u00a0zu sch\u00fctzen. Mit dieser Kombination aus K\u00e4lte- und N\u00e4sseschutz ist die Sicherheitskraft\u00a0sehr gut\u00a0gegen jegliche mitteleurop\u00e4isch \u00fcblichen Witterungsverh\u00e4ltnisse\u00a0gesch\u00fctzt\u00a0und somit im Au\u00dfendienst durchgehend einsatzbereit.<\/p>\n","protected":false},"featured_media":0,"comment_status":"open","ping_status":"closed","template":"","meta":{"inline_featured_image":false,"_monsterinsights_skip_tracking":false,"_monsterinsights_sitenote_active":false,"_monsterinsights_sitenote_note":"","_monsterinsights_sitenote_category":0},"product_cat":[15],"product_tag":[],"aioseo_notices":[],"_links":{"self":[{"href":"https:\/\/www.black-sheriff.eu\/zsd\/wp-json\/wp\/v2\/product\/469"}],"collection":[{"href":"https:\/\/www.black-sheriff.eu\/zsd\/wp-json\/wp\/v2\/product"}],"about":[{"href":"https:\/\/www.black-sheriff.eu\/zsd\/wp-json\/wp\/v2\/types\/product"}],"replies":[{"embeddable":true,"href":"https:\/\/www.black-sheriff.eu\/zsd\/wp-json\/wp\/v2\/comments?post=469"}],"wp:attachment":[{"href":"https:\/\/www.black-sheriff.eu\/zsd\/wp-json\/wp\/v2\/media?parent=469"}],"wp:term":[{"taxonomy":"product_cat","embeddable":true,"href":"https:\/\/www.black-sheriff.eu\/zsd\/wp-json\/wp\/v2\/product_cat?post=469"},{"taxonomy":"product_tag","embeddable":true,"href":"https:\/\/www.black-sheriff.eu\/zsd\/wp-json\/wp\/v2\/product_tag?post=469"}],"curies":[{"name":"wp","href":"https:\/\/api.w.org\/{rel}","templated":true}]}}