
{"id":468,"date":"2021-08-12T09:19:38","date_gmt":"2021-08-12T09:19:38","guid":{"rendered":"https:\/\/www.black-sheriff.eu\/zsd\/?post_type=product&#038;p=468"},"modified":"2021-11-30T14:09:48","modified_gmt":"2021-11-30T14:09:48","slug":"erweiterungssatz","status":"publish","type":"product","link":"https:\/\/www.black-sheriff.eu\/zsd\/produkt\/erweiterungssatz\/","title":{"rendered":"ZSD &#8211; Erweiterungssatz"},"content":{"rendered":"<p>Der Erweiterungssatz soll den Sicherheitskr\u00e4ften insbesondere im Au\u00dfendienst die <strong><big>durchgehende<\/big> <\/strong>und <strong><big>angemessene<\/big> <\/strong>Einsatzbereitschaft sowie Erscheinung garantieren. Jeder kann abh\u00e4ngig von Belastung oder Dauer des Einsatzes auf <strong><big>umfangreiche Wechselbekleidung<\/big><\/strong> zur\u00fcckgreifen. Um stark belastete und mit unangenehmen Ger\u00fcchen versehene Bekleidungsst\u00fccke vor allem bei h\u00f6heren Temperaturen zu vermeiden, beinhaltet der Erweiterungssatz sowohl Ersatzschuhwerk als auch ausreichend Wechselkleidung.<\/p>\n","protected":false},"excerpt":{"rendered":"<p>Der Erweiterungssatz soll den Sicherheitskr\u00e4ften insbesondere im Au\u00dfendienst die durchgehende und angemessene Einsatzbereitschaft sowie Erscheinung garantieren. Jeder kann abh\u00e4ngig von Belastung oder Dauer des Einsatzes auf umfangreiche Wechselbekleidung zur\u00fcckgreifen. Um stark belastete und mit unangenehmen Ger\u00fcchen versehene Bekleidungsst\u00fccke vor allem bei h\u00f6heren Temperaturen zu vermeiden, beinhaltet der Erweiterungssatz sowohl Ersatzschuhwerk als auch ausreichend Wechselkleidung.<\/p>\n","protected":false},"featured_media":0,"comment_status":"open","ping_status":"closed","template":"","meta":{"inline_featured_image":false,"_monsterinsights_skip_tracking":false,"_monsterinsights_sitenote_active":false,"_monsterinsights_sitenote_note":"","_monsterinsights_sitenote_category":0},"product_cat":[15],"product_tag":[],"aioseo_notices":[],"_links":{"self":[{"href":"https:\/\/www.black-sheriff.eu\/zsd\/wp-json\/wp\/v2\/product\/468"}],"collection":[{"href":"https:\/\/www.black-sheriff.eu\/zsd\/wp-json\/wp\/v2\/product"}],"about":[{"href":"https:\/\/www.black-sheriff.eu\/zsd\/wp-json\/wp\/v2\/types\/product"}],"replies":[{"embeddable":true,"href":"https:\/\/www.black-sheriff.eu\/zsd\/wp-json\/wp\/v2\/comments?post=468"}],"wp:attachment":[{"href":"https:\/\/www.black-sheriff.eu\/zsd\/wp-json\/wp\/v2\/media?parent=468"}],"wp:term":[{"taxonomy":"product_cat","embeddable":true,"href":"https:\/\/www.black-sheriff.eu\/zsd\/wp-json\/wp\/v2\/product_cat?post=468"},{"taxonomy":"product_tag","embeddable":true,"href":"https:\/\/www.black-sheriff.eu\/zsd\/wp-json\/wp\/v2\/product_tag?post=468"}],"curies":[{"name":"wp","href":"https:\/\/api.w.org\/{rel}","templated":true}]}}