
{"id":466,"date":"2021-08-12T09:21:46","date_gmt":"2021-08-12T09:21:46","guid":{"rendered":"https:\/\/www.black-sheriff.eu\/zsd\/?post_type=product&#038;p=466"},"modified":"2021-11-30T14:16:13","modified_gmt":"2021-11-30T14:16:13","slug":"grunduniform","status":"publish","type":"product","link":"https:\/\/www.black-sheriff.eu\/zsd\/produkt\/grunduniform\/","title":{"rendered":"ZSD &#8211; Grunduniform"},"content":{"rendered":"<p>Diese Zusammenstellung aus <strong><big>hochwertigen, einsatzerprobten<\/big><\/strong> und zugleich bequemen Uniformteilen namhafter Hersteller sorgt daf\u00fcr, dass jede Sicherheitskraft den Dienst nicht nur aufnehmen kann, sondern im gleichen Ma\u00df Professionalit\u00e4t und Seriosit\u00e4t im Dienstalltag und im Umgang mit Kunden, Beh\u00f6rden und anderen Personengruppen problemlos darstellen kann.<\/p>\n<p>Einsatzbereich:<\/p>\n<p>Die Grunduniform kann im<strong> <big>Innen- und Au\u00dfendienst<\/big><\/strong>, wie zum Beispiel f\u00fcr Intervention oder Revierfahrten, getragen werden und verf\u00fcgt unter anderem \u00fcber Eigenschaften wie schlechte Entflammbarkeit, Atmungsaktivit\u00e4t und Rei\u00dffestigkeit. Die Sicherheitskraft kann zwischen dem bel\u00fcfteten Einsatzhemd in den Sommermonaten und der taktischen Einsatzjacke f\u00fcr k\u00e4ltere Temperaturen bequem variieren, ohne die Einsatzbereitschaft und sicherheitsrelevanten Handlungsm\u00f6glichkeiten einzub\u00fc\u00dfen. Ebenso kann die Oberbekleidung ganz im Sinne des <strong><big>Zwiebelschalenprinzips<\/big> <\/strong>erg\u00e4nzend \u00fcbereinander getragen werden.<\/p>\n<p>Erprobung:<\/p>\n<p>Die Grunduniform stellt die Quintessenz aus vielen verschiedenen Modellen einzelner Uniformteile dar, die in einer sechsmonatigen Konzeption immer wieder <strong><big>\u00fcberarbeitet und optimiert<\/big><\/strong> wurden. Das Konzept orientiert sich an der Funktionalit\u00e4t und Robustheit milit\u00e4rischer und beh\u00f6rdlicher Ausr\u00fcstung. W\u00e4hrend dieser Phase wurde darauf Wert gelegt, dass ein m\u00f6glichst gro\u00dfes Spektrum an Einsatzbereichen abgedeckt und gleicherma\u00dfen dem Tr\u00e4ger durch Erg\u00e4nzung von weiteren Ausr\u00fcstungsgegenst\u00e4nden <strong><big>kosteneffizient<\/big> <\/strong>zus\u00e4tzliche Einsatzbereiche offen zu halten werden.<\/p>\n","protected":false},"excerpt":{"rendered":"<p>Diese Zusammenstellung aus hochwertigen, einsatzerprobten und zugleich bequemen Uniformteilen namhafter Hersteller sorgt daf\u00fcr, dass jede Sicherheitskraft den Dienst nicht nur aufnehmen kann, sondern im gleichen Ma\u00df Professionalit\u00e4t und Seriosit\u00e4t im Dienstalltag und im Umgang mit Kunden, Beh\u00f6rden und anderen Personengruppen problemlos darstellen kann. Einsatzbereich: Die Grunduniform kann im Innen- und Au\u00dfendienst, wie zum Beispiel f\u00fcr <a href=\"https:\/\/www.black-sheriff.eu\/zsd\/produkt\/grunduniform\/\" class=\"more-link\">&#8230;<\/a><\/p>\n","protected":false},"featured_media":832,"comment_status":"open","ping_status":"closed","template":"","meta":{"inline_featured_image":false,"_monsterinsights_skip_tracking":false,"_monsterinsights_sitenote_active":false,"_monsterinsights_sitenote_note":"","_monsterinsights_sitenote_category":0},"product_cat":[15],"product_tag":[],"aioseo_notices":[],"_links":{"self":[{"href":"https:\/\/www.black-sheriff.eu\/zsd\/wp-json\/wp\/v2\/product\/466"}],"collection":[{"href":"https:\/\/www.black-sheriff.eu\/zsd\/wp-json\/wp\/v2\/product"}],"about":[{"href":"https:\/\/www.black-sheriff.eu\/zsd\/wp-json\/wp\/v2\/types\/product"}],"replies":[{"embeddable":true,"href":"https:\/\/www.black-sheriff.eu\/zsd\/wp-json\/wp\/v2\/comments?post=466"}],"wp:featuredmedia":[{"embeddable":true,"href":"https:\/\/www.black-sheriff.eu\/zsd\/wp-json\/wp\/v2\/media\/832"}],"wp:attachment":[{"href":"https:\/\/www.black-sheriff.eu\/zsd\/wp-json\/wp\/v2\/media?parent=466"}],"wp:term":[{"taxonomy":"product_cat","embeddable":true,"href":"https:\/\/www.black-sheriff.eu\/zsd\/wp-json\/wp\/v2\/product_cat?post=466"},{"taxonomy":"product_tag","embeddable":true,"href":"https:\/\/www.black-sheriff.eu\/zsd\/wp-json\/wp\/v2\/product_tag?post=466"}],"curies":[{"name":"wp","href":"https:\/\/api.w.org\/{rel}","templated":true}]}}