
{"id":261,"date":"2021-06-23T13:57:34","date_gmt":"2021-06-23T13:57:34","guid":{"rendered":"https:\/\/www.black-sheriff.eu\/zsd\/?page_id=261"},"modified":"2021-09-11T06:31:41","modified_gmt":"2021-09-11T06:31:41","slug":"zahlungsinformationen","status":"publish","type":"page","link":"https:\/\/www.black-sheriff.eu\/zsd\/zahlungsinformationen\/","title":{"rendered":"ZAHLUNGSINFORMATIONEN"},"content":{"rendered":"<p><b>ZSD KG bietet Ihnen verschiedene Zahlungsarten an:<br \/>\n<\/b><\/p>\n<p><b>Gewerbekunden und Endverbraucher<\/b><\/p>\n<p>\u2022\u00a0Vorkasse<\/p>\n<p>\u2022\u00a0Paypal<\/p>\n<p>\u2022 Kreditkarte<\/p>\n<p><b>1. Vorkasse<\/b><\/p>\n<p>Sie erhalten nach Abschluss der Bestellung eine Best\u00e4tigungs-Email mit unserer Bankverbindung und der Bestellnummer. Bitte \u00fcberweisen Sie den Gesamtbetrag unter Angabe Ihres Namens und der Bestellnummer im \u00dcberweisungstext. Im Regelfall ben\u00f6tigen die Banken ca. 2-3 Tage. Nach Eingang des Rechnungsbetrages wird Ihre Bestellung von uns sofort weiterbearbeitet und die Ware an Sie versendet. Der Lieferung liegt eine Rechnung mit ausgewiesener Mehrwertsteuer bei. Bei \u00dcberweisung von einem Girokonto au\u00dferhalb Deutschlands m\u00fcssen Sie die \u00dcberweisung so vornehmen, dass ggf. anfallende Bankgeb\u00fchren von Ihnen \u00fcbernommen werden, anderenfalls m\u00fcssen wir Ihnen diese in Rechnung stellen. Wird der Rechnungsbetrag nicht innerhalb von 30 Werktagen ab Vertragsschluss ausgeglichen, so behalten wir uns das Recht vor, Ihre Bestellung zu stornieren und vom Kaufvertrag zur\u00fcckzutreten.<\/p>\n<p><span style=\"font-weight: 400;\">Bankverbindung:<\/span><\/p>\n<p><span style=\"font-weight: 400;\">solarisBank AG<\/span><\/p>\n<p><span style=\"font-weight: 400;\">IBAN: DE37 1101 0100 2538 6959 04<\/span><\/p>\n<p><span style=\"font-weight: 400;\">BIC: SOBKDEBBXXX<\/span><\/p>\n<p><b>2. PayPal<\/b><\/p>\n<p>Im Bestellprozess werden Sie auf die Webseite des Online-Anbieters PayPal weitergeleitet. Um den Rechnungsbetrag \u00fcber PayPal bezahlen zu k\u00f6nnen, m\u00fcssen Sie dort bereits registriert sein bzw. sich erst registrieren, mit Ihren Zugangsdaten legitimieren und die Zahlungsanweisung an uns best\u00e4tigen. Nach Abgabe der Bestellung im Shop fordern wir PayPal zur Einleitung der Zahlungstransaktion auf. Die Zahlungstransaktion wird durch PayPal unmittelbar danach automatisch durchgef\u00fchrt. Weitere Hinweise erhalten Sie beim Bestellvorgang.<\/p>\n<p><b>3. Kreditkarte<\/b><\/p>\n<p>Wir akzeptieren die g\u00e4ngigen Kreditkarten Visa und MasterCard. Zudem garantieren wir Ihnen, dass Ihre hochsensiblen Informationen bei uns vor dem Zugriff Dritter absolut sicher sind, da wir zum Schutz Ihrer Daten moderne Technik einsetzen und alle Eingaben verschl\u00fcsselt via SSL-Verbindung versenden. S\u00e4mtliche Bestell- und Kreditkartendaten werden dadurch nur verschl\u00fcsselt an uns \u00fcbermittelt.<\/p>\n<p>Vorteile: Die Zahlung erfolgt sofort nach der Bestellung, somit wird die von Ihnen bestellte unmittelbar an Sie verschickt werden<\/p>\n<p><b>4. Leasing<\/b><\/p>\n<p>Ab einem Nettobestellwert von 600,00\u20ac erm\u00f6glichen wir unseren Gewerbekunden mit unserem Partner AGL Leasing, die Bestellungen \u00fcber Leasing zu finanzieren.<\/p>\n<p>Dies bietet unter anderem Vorteile wie:<\/p>\n<p>\u2022\u00a0Leasingraten sind abzugsf\u00e4hige Betriebsausgaben &#8211; Damit wird der Gewinn gesenkt und somit auch die Steuerlast<\/p>\n<p>\u2022\u00a0Schonung Ihres Eigenkapitals &#8211; Leasing erm\u00f6glicht Investitionen ohne den Einsatz von Eigenkapital<\/p>\n<p>\u2022\u00a0Schonung von Kreditlinien und verbesserte Liquidit\u00e4t \u2013 Sie m\u00fcssen kein Fremdkapital aufnehmen und k\u00f6nnen das Wirtschaftsgut dennoch fremdfinanzieren<\/p>\n<p>\u2022\u00a0Verbesserung von Bilanz und Rating \u2013 Leasingg\u00fcter und Verpflichtungen aus Ihrem Leasingvertrag erscheinen nicht in Ihrer Bilanz<\/p>\n<p>\u2022\u00a0Planbare Raten von Anfang an \u2013 Die Leasingraten sind f\u00fcr die gesamte Laufzeit kalkulierbar, Zins\u00e4nderungen haben keine Auswirkungen<\/p>\n<p>Sobald Sie die Bestellung mit dieser Zahlungsoption aufgegeben haben, erhalten Sie von uns ein Angebot inklusive Leasing-Vertragsunterlagen. Nach Annahme des Angebots und R\u00fccksendung der Vertragsunterlagen, erhalten Sie nach erfolgreicher Pr\u00fcfung binnen weniger Stunden eine Zusage. Auf dieser Grundlage entsenden wir zeitnah die bestellten Waren zu Ihnen.<\/p>\n<p>&nbsp;<\/p>\n<p>&nbsp;<\/p>\n","protected":false},"excerpt":{"rendered":"<p>ZSD KG bietet Ihnen verschiedene Zahlungsarten an: Gewerbekunden und Endverbraucher \u2022\u00a0Vorkasse \u2022\u00a0Paypal \u2022 Kreditkarte 1. Vorkasse Sie erhalten nach Abschluss der Bestellung eine Best\u00e4tigungs-Email mit unserer Bankverbindung und der Bestellnummer. Bitte \u00fcberweisen Sie den Gesamtbetrag unter Angabe Ihres Namens und der Bestellnummer im \u00dcberweisungstext. Im Regelfall ben\u00f6tigen die Banken ca. 2-3 Tage. Nach Eingang des <a href=\"https:\/\/www.black-sheriff.eu\/zsd\/zahlungsinformationen\/\" class=\"more-link\">&#8230;<\/a><\/p>\n","protected":false},"author":1,"featured_media":0,"parent":0,"menu_order":0,"comment_status":"closed","ping_status":"closed","template":"","meta":{"inline_featured_image":false,"_monsterinsights_skip_tracking":false,"_monsterinsights_sitenote_active":false,"_monsterinsights_sitenote_note":"","_monsterinsights_sitenote_category":0},"aioseo_notices":[],"_links":{"self":[{"href":"https:\/\/www.black-sheriff.eu\/zsd\/wp-json\/wp\/v2\/pages\/261"}],"collection":[{"href":"https:\/\/www.black-sheriff.eu\/zsd\/wp-json\/wp\/v2\/pages"}],"about":[{"href":"https:\/\/www.black-sheriff.eu\/zsd\/wp-json\/wp\/v2\/types\/page"}],"author":[{"embeddable":true,"href":"https:\/\/www.black-sheriff.eu\/zsd\/wp-json\/wp\/v2\/users\/1"}],"replies":[{"embeddable":true,"href":"https:\/\/www.black-sheriff.eu\/zsd\/wp-json\/wp\/v2\/comments?post=261"}],"version-history":[{"count":8,"href":"https:\/\/www.black-sheriff.eu\/zsd\/wp-json\/wp\/v2\/pages\/261\/revisions"}],"predecessor-version":[{"id":687,"href":"https:\/\/www.black-sheriff.eu\/zsd\/wp-json\/wp\/v2\/pages\/261\/revisions\/687"}],"wp:attachment":[{"href":"https:\/\/www.black-sheriff.eu\/zsd\/wp-json\/wp\/v2\/media?parent=261"}],"curies":[{"name":"wp","href":"https:\/\/api.w.org\/{rel}","templated":true}]}}