
{"id":251,"date":"2021-06-23T13:56:48","date_gmt":"2021-06-23T13:56:48","guid":{"rendered":"https:\/\/www.black-sheriff.eu\/zsd\/?page_id=251"},"modified":"2021-11-12T17:04:29","modified_gmt":"2021-11-12T17:04:29","slug":"widerrufsrecht","status":"publish","type":"page","link":"https:\/\/www.black-sheriff.eu\/zsd\/widerrufsrecht\/","title":{"rendered":"WIDERRUFSRECHT"},"content":{"rendered":"<p>Sie haben das Recht, binnen vierzehn Tagen ohne Angabe von Gr\u00fcnden diesen Vertrag zu widerrufen. Die Widerrufsfrist betr\u00e4gt vierzehn Tage ab dem Tag, an dem Sie oder ein von Ihnen benannter Dritter, der nicht der Bef\u00f6rderer ist, die letzte Ware in Besitz genommen haben bzw. hat. Um Ihr Widerrufsrecht auszu\u00fcben, m\u00fcssen Sie uns,<\/p>\n<p>Black Sheriff GmbH<br \/>\nEhrenbreitsteiner Str. 20<br \/>\n80993 M\u00fcnchen<br \/>\nTelefon: 089-23147028<br \/>\nE-mail: <a href=\"mailto:service@black-sheriff.eu\">service@black-sheriff.eu<\/a><\/p>\n<p>Folgen des Widerrufs<\/p>\n<p>Wenn Sie diesen Vertrag widerrufen, haben wir Ihnen alle Zahlungen, die wir von Ihnen erhalten haben, einschlie\u00dflich der Lieferkosten (mit Ausnahme der zus\u00e4tzlichen Kosten, die sich daraus ergeben, dass Sie eine andere Art der Lieferung als die von uns angebotene, g\u00fcnstigste Standardlieferung gew\u00e4hlt haben), unverz\u00fcglich und sp\u00e4testens binnen vierzehn Tagen ab dem Tag zur\u00fcckzuzahlen, ab dem Tag an dem die Mitteilung \u00fcber Ihren Widerruf dieses Vertrags bei uns eingegangen ist. F\u00fcr dies R\u00fcckzahlung verwenden wir das gleiche Zahlungsmittel, das Sie bei Ihrer Transaktion eingesetzt haben, es sei denn, mit Ihnen wurde ausdr\u00fccklich etwas abweichendes vereinbart. In keinem Fall werden Ihnen aufgrund dieser R\u00fcckzahlung Kosten in Rechnung gestellt. Wir k\u00f6nnen die R\u00fcckzahlung verweigern, bis wir die Waren wieder zur\u00fcckerhalten haben oder bis Sie uns den Nachweis dazu erbracht haben, dass Sie die Waren zur\u00fcckgesandt haben.Sie haben die Waren unverz\u00fcglich und in jedem Fall sp\u00e4testens innerhalb von vierzehn Tagen ab dem Tag, an dem Sie uns \u00fcber den Widerruf dieses Vertrages unterrichten, an uns zur\u00fcckzusenden oder zu \u00fcbergeben. Diese Frist ist jedenfalls gewahrt, wenn Sie die Waren vor Ablauf der Frist von vierzehn Tagen absenden. Sie tragen s\u00e4mtliche Kosten der R\u00fccksendung der Waren. Sie m\u00fcssen f\u00fcr einen etwaigen Wertverlust der Waren nur aufkommen, wenn dieser Wertverlust auf einen zur Pr\u00fcfung der Beschaffenheit, Eigenschaften und Funktionsweise der Waren nicht notwendigen Umgang durch Sie zur\u00fcckzuf\u00fchren ist.<\/p>\n<p>Bedingungen der R\u00fccksendung:<\/p>\n<p>&#8211; Grunds\u00e4tzlich ist die M\u00f6glichkeit einer R\u00fccksendung vor dieser, durch unsere Reklamationsabteilung zu entscheiden. Ein Entsprechender RMA Antrag kann Online erstellt werden.<\/p>\n<p>&#8211; Legen Sie bitte der R\u00fccksendung eine Rechnungskopie bei.<\/p>\n<p>&#8211; Die R\u00fccksendung muss frei Haus erfolgen, sonst kann eine Annahme verweigert werden.<\/p>\n<p>Das Formular finden Sie unter diesem <a href=\"\/zsd\/wp-content\/uploads\/2021\/11\/Widerrufsformular.pdf\" target=\"_blank\" rel=\"noopener\">Link<\/a><\/p>\n","protected":false},"excerpt":{"rendered":"<p>Sie haben das Recht, binnen vierzehn Tagen ohne Angabe von Gr\u00fcnden diesen Vertrag zu widerrufen. Die Widerrufsfrist betr\u00e4gt vierzehn Tage ab dem Tag, an dem Sie oder ein von Ihnen benannter Dritter, der nicht der Bef\u00f6rderer ist, die letzte Ware in Besitz genommen haben bzw. hat. Um Ihr Widerrufsrecht auszu\u00fcben, m\u00fcssen Sie uns, Black Sheriff <a href=\"https:\/\/www.black-sheriff.eu\/zsd\/widerrufsrecht\/\" class=\"more-link\">&#8230;<\/a><\/p>\n","protected":false},"author":1,"featured_media":0,"parent":0,"menu_order":0,"comment_status":"closed","ping_status":"closed","template":"","meta":{"inline_featured_image":false,"_monsterinsights_skip_tracking":false,"_monsterinsights_sitenote_active":false,"_monsterinsights_sitenote_note":"","_monsterinsights_sitenote_category":0},"aioseo_notices":[],"_links":{"self":[{"href":"https:\/\/www.black-sheriff.eu\/zsd\/wp-json\/wp\/v2\/pages\/251"}],"collection":[{"href":"https:\/\/www.black-sheriff.eu\/zsd\/wp-json\/wp\/v2\/pages"}],"about":[{"href":"https:\/\/www.black-sheriff.eu\/zsd\/wp-json\/wp\/v2\/types\/page"}],"author":[{"embeddable":true,"href":"https:\/\/www.black-sheriff.eu\/zsd\/wp-json\/wp\/v2\/users\/1"}],"replies":[{"embeddable":true,"href":"https:\/\/www.black-sheriff.eu\/zsd\/wp-json\/wp\/v2\/comments?post=251"}],"version-history":[{"count":7,"href":"https:\/\/www.black-sheriff.eu\/zsd\/wp-json\/wp\/v2\/pages\/251\/revisions"}],"predecessor-version":[{"id":872,"href":"https:\/\/www.black-sheriff.eu\/zsd\/wp-json\/wp\/v2\/pages\/251\/revisions\/872"}],"wp:attachment":[{"href":"https:\/\/www.black-sheriff.eu\/zsd\/wp-json\/wp\/v2\/media?parent=251"}],"curies":[{"name":"wp","href":"https:\/\/api.w.org\/{rel}","templated":true}]}}