
{"id":145,"date":"2021-05-13T17:18:45","date_gmt":"2021-05-13T17:18:45","guid":{"rendered":"https:\/\/black-sheriffs.hosting5-p.tn-rechenzentrum1.de\/?page_id=145"},"modified":"2021-11-11T14:07:17","modified_gmt":"2021-11-11T14:07:17","slug":"impressum","status":"publish","type":"page","link":"https:\/\/www.black-sheriff.eu\/zsd\/impressum\/","title":{"rendered":"Impressum"},"content":{"rendered":"<h3><strong>Black Sheriff GmbH<\/strong><\/h3>\n<p>Ehrenbreitsteiner Str. 20<br \/>\n80993 M\u00fcnchen<br \/>\nTelefon: 089-23147028<br \/>\nE-mail: <a href=\"mailto:service@black-sheriff.eu\">service@black-sheriff.eu<\/a><\/p>\n<p>Amtsgericht M\u00fcnchen:<br \/>\nHRB 264390<br \/>\nSteuer-Nummer:<br \/>\n143 120 81971<br \/>\nGesch\u00e4ftsf\u00fchrer:<br \/>\nMarius Rossel<\/p>\n<p>&nbsp;<\/p>\n<p>Die Europ\u00e4ische Kommission stellt eine Plattform zur Online-Streitbeilegung (OS) bereit, die Sie hier finden\u00a0<a href=\"https:\/\/ec.europa.eu\/consumers\/odr\/\" target=\"_blank\" rel=\"noopener\">https:\/\/ec.europa.eu\/consumers\/odr\/<\/a>. Wir sind bereit, an einem au\u00dfergerichtlichen\u00a0 Schlichtungsverfahren vor einer Verbraucherschlichtungsstelle teilzunehmen. Zust\u00e4ndig ist die Allgemeine Verbraucherschlichtungsstelle des Zentrums f\u00fcr Schlichtung e.V., Stra\u00dfburger Stra\u00dfe 8, 77694 Kehl am Rhein,\u00a0<a href=\"https:\/\/www.dolcefumo.de\/www.verbraucher-schlichter.de\" target=\"_blank\" rel=\"noopener\">www.verbraucher-schlichter.de<\/a>.<\/p>\n","protected":false},"excerpt":{"rendered":"<p>Black Sheriff GmbH Ehrenbreitsteiner Str. 20 80993 M\u00fcnchen Telefon: 089-23147028 E-mail: service@black-sheriff.eu Amtsgericht M\u00fcnchen: HRB 264390 Steuer-Nummer: 143 120 81971 Gesch\u00e4ftsf\u00fchrer: Marius Rossel &nbsp; Die Europ\u00e4ische Kommission stellt eine Plattform zur Online-Streitbeilegung (OS) bereit, die Sie hier finden\u00a0https:\/\/ec.europa.eu\/consumers\/odr\/. Wir sind bereit, an einem au\u00dfergerichtlichen\u00a0 Schlichtungsverfahren vor einer Verbraucherschlichtungsstelle teilzunehmen. Zust\u00e4ndig ist die Allgemeine Verbraucherschlichtungsstelle des <a href=\"https:\/\/www.black-sheriff.eu\/zsd\/impressum\/\" class=\"more-link\">&#8230;<\/a><\/p>\n","protected":false},"author":1,"featured_media":0,"parent":0,"menu_order":0,"comment_status":"closed","ping_status":"closed","template":"","meta":{"inline_featured_image":false,"_monsterinsights_skip_tracking":false,"_monsterinsights_sitenote_active":false,"_monsterinsights_sitenote_note":"","_monsterinsights_sitenote_category":0},"aioseo_notices":[],"_links":{"self":[{"href":"https:\/\/www.black-sheriff.eu\/zsd\/wp-json\/wp\/v2\/pages\/145"}],"collection":[{"href":"https:\/\/www.black-sheriff.eu\/zsd\/wp-json\/wp\/v2\/pages"}],"about":[{"href":"https:\/\/www.black-sheriff.eu\/zsd\/wp-json\/wp\/v2\/types\/page"}],"author":[{"embeddable":true,"href":"https:\/\/www.black-sheriff.eu\/zsd\/wp-json\/wp\/v2\/users\/1"}],"replies":[{"embeddable":true,"href":"https:\/\/www.black-sheriff.eu\/zsd\/wp-json\/wp\/v2\/comments?post=145"}],"version-history":[{"count":8,"href":"https:\/\/www.black-sheriff.eu\/zsd\/wp-json\/wp\/v2\/pages\/145\/revisions"}],"predecessor-version":[{"id":854,"href":"https:\/\/www.black-sheriff.eu\/zsd\/wp-json\/wp\/v2\/pages\/145\/revisions\/854"}],"wp:attachment":[{"href":"https:\/\/www.black-sheriff.eu\/zsd\/wp-json\/wp\/v2\/media?parent=145"}],"curies":[{"name":"wp","href":"https:\/\/api.w.org\/{rel}","templated":true}]}}