
{"id":141,"date":"2021-05-13T10:18:43","date_gmt":"2021-05-13T10:18:43","guid":{"rendered":"https:\/\/black-sheriffs.hosting5-p.tn-rechenzentrum1.de\/?page_id=141"},"modified":"2021-11-11T14:07:51","modified_gmt":"2021-11-11T14:07:51","slug":"kontakt","status":"publish","type":"page","link":"https:\/\/www.black-sheriff.eu\/zsd\/kontakt\/","title":{"rendered":"Kontakt"},"content":{"rendered":"<h3><strong>Black Sheriff GmbH<\/strong><\/h3>\n<p>Ehrenbreitsteiner Str. 20<br \/>\n80993 M\u00fcnchen<br \/>\nTelefon: <a href=\"tel:089-23147028\">089-23147028<\/a><br \/>\nE-mail: <a href=\"mailto:service@black-sheriff.eu\">service@black-sheriff.eu<\/a><\/p>\n<p>&nbsp;<\/p>\n<p>Das geschriebene Wort ist geduldig \u2013 doch nichts ersetzt das pers\u00f6nliche Gespr\u00e4ch. Wir h\u00f6ren Ihnen zu und beantworten Ihre Fragen. Das ZSDTeam ist immer f\u00fcr Sie da. Rufen Sie an oder schreiben Sie uns.<\/p>\n<p><span class=\"colre7\">Es ist nur ein kleiner Schritt f\u00fcr eine gro\u00dfe Chance!<\/span><\/p>\n","protected":false},"excerpt":{"rendered":"<p>Black Sheriff GmbH Ehrenbreitsteiner Str. 20 80993 M\u00fcnchen Telefon: 089-23147028 E-mail: service@black-sheriff.eu &nbsp; Das geschriebene Wort ist geduldig \u2013 doch nichts ersetzt das pers\u00f6nliche Gespr\u00e4ch. Wir h\u00f6ren Ihnen zu und beantworten Ihre Fragen. Das ZSDTeam ist immer f\u00fcr Sie da. Rufen Sie an oder schreiben Sie uns. Es ist nur ein kleiner Schritt f\u00fcr eine <a href=\"https:\/\/www.black-sheriff.eu\/zsd\/kontakt\/\" class=\"more-link\">&#8230;<\/a><\/p>\n","protected":false},"author":1,"featured_media":0,"parent":0,"menu_order":0,"comment_status":"closed","ping_status":"closed","template":"template-kontakt.php","meta":{"inline_featured_image":false,"_monsterinsights_skip_tracking":false,"_monsterinsights_sitenote_active":false,"_monsterinsights_sitenote_note":"","_monsterinsights_sitenote_category":0},"aioseo_notices":[],"_links":{"self":[{"href":"https:\/\/www.black-sheriff.eu\/zsd\/wp-json\/wp\/v2\/pages\/141"}],"collection":[{"href":"https:\/\/www.black-sheriff.eu\/zsd\/wp-json\/wp\/v2\/pages"}],"about":[{"href":"https:\/\/www.black-sheriff.eu\/zsd\/wp-json\/wp\/v2\/types\/page"}],"author":[{"embeddable":true,"href":"https:\/\/www.black-sheriff.eu\/zsd\/wp-json\/wp\/v2\/users\/1"}],"replies":[{"embeddable":true,"href":"https:\/\/www.black-sheriff.eu\/zsd\/wp-json\/wp\/v2\/comments?post=141"}],"version-history":[{"count":7,"href":"https:\/\/www.black-sheriff.eu\/zsd\/wp-json\/wp\/v2\/pages\/141\/revisions"}],"predecessor-version":[{"id":863,"href":"https:\/\/www.black-sheriff.eu\/zsd\/wp-json\/wp\/v2\/pages\/141\/revisions\/863"}],"wp:attachment":[{"href":"https:\/\/www.black-sheriff.eu\/zsd\/wp-json\/wp\/v2\/media?parent=141"}],"curies":[{"name":"wp","href":"https:\/\/api.w.org\/{rel}","templated":true}]}}